{"id":6682,"date":"2023-02-18T13:41:31","date_gmt":"2023-02-18T12:41:31","guid":{"rendered":"http:\/\/mops-myslowice.pl\/?page_id=6682"},"modified":"2023-09-05T12:43:51","modified_gmt":"2023-09-05T10:43:51","slug":"asystent-osobisty-osoby-niepelnosprawnej-edycja-2023","status":"publish","type":"page","link":"https:\/\/mops-myslowice.pl\/?page_id=6682","title":{"rendered":"ASYSTENT OSOBISTY OSOBY NIEPE\u0141NOSPRAWNEJ &#8211; EDYCJA 2023"},"content":{"rendered":"<h4 class=\"western\" align=\"center\"><img decoding=\"async\" src=\"http:\/\/mops-myslowice.pl\/wp-content\/uploads\/2021\/07\/flagiasystent.jpg\" alt=\"flagiasystent\"><\/h4>\n<h3 class=\"western\" style=\"text-align: center;\" align=\"center\"><strong><span style=\"font-family: Calibri, sans-serif;\"><span style=\"font-size: medium;\"><b>M<\/b><\/span><\/span><\/strong><strong><span style=\"font-family: Calibri, sans-serif;\"><span style=\"font-size: medium;\"><b>iasto Mys\u0142owice <\/b><\/span><\/span><\/strong><span style=\"font-family: Calibri, sans-serif;\"><span style=\"font-size: medium;\">realizuje<\/span><\/span><strong><span style=\"font-family: Calibri, sans-serif;\"><span style=\"font-size: medium;\"> program<\/span><\/span><\/strong><\/h3>\n<h3 class=\"western\" style=\"text-align: center;\" align=\"center\"><strong>\u201e<\/strong><strong><span style=\"font-family: Calibri, sans-serif;\"><span style=\"font-size: medium;\">A<\/span><\/span><\/strong><strong><span style=\"font-family: Calibri, sans-serif;\"><span style=\"font-size: medium;\">SYSTENT OSOBISTY OSOBY NIEPE\u0141NOSPRAWNEJ &#8211; EDYCJA <\/span><\/span><\/strong><strong><span style=\"font-family: Calibri, sans-serif;\"><span style=\"font-size: medium;\">202<\/span><\/span><\/strong><strong><span style=\"font-family: Calibri, sans-serif;\"><span style=\"font-size: medium;\">3<\/span><\/span><\/strong><strong><span style=\"font-family: Calibri, sans-serif;\"><span style=\"font-size: medium;\">\u201d, <\/span><\/span><\/strong><strong><span style=\"font-family: Calibri, sans-serif;\"><span style=\"font-size: medium;\">dofinanso<\/span><\/span><\/strong><strong><span style=\"font-family: Calibri, sans-serif;\"><span style=\"font-size: medium;\">wany <\/span><\/span><\/strong><strong><span style=\"font-family: Calibri, sans-serif;\"><span style=\"font-size: medium;\">ze \u015brodk\u00f3w Funduszu Solidarno\u015bciowego<\/span><\/span><\/strong><\/h3>\n<h3 class=\"western\" style=\"text-align: center;\" align=\"center\"><strong><span style=\"font-family: Calibri, sans-serif;\"><span style=\"font-size: medium;\">Kwota dofinansowania: <\/span><\/span><\/strong><strong><span style=\"color: #000000;\"><span style=\"font-family: Calibri, sans-serif;\"><span style=\"font-size: medium;\"><b>1 541 560,68<\/b><\/span><\/span><\/span><\/strong><b> <\/b><strong><span style=\"color: #000000;\"><span style=\"font-family: Calibri, sans-serif;\"><span style=\"font-size: medium;\">z\u0142.<\/span><\/span><\/span><\/strong><\/h3>\n<p style=\"text-align: center;\" align=\"center\"><strong><span style=\"color: #000000;\"><span style=\"font-family: Calibri, sans-serif;\"><span style=\"font-size: medium;\">Ca\u0142kowita warto\u015b\u0107: <\/span><\/span><\/span><\/strong><strong><span style=\"color: #000000;\"><span style=\"font-family: Calibri, sans-serif;\"><span style=\"font-size: medium;\">1 541 560,68<\/span><\/span><\/span><\/strong><strong><span style=\"color: #000000;\"><span style=\"font-family: Calibri, sans-serif;\"><span style=\"font-size: medium;\"> z\u0142.<\/span><\/span><\/span><\/strong><\/p>\n<h4 class=\"western\" align=\"center\"><strong><span style=\"color: #000000;\"><span style=\"font-family: Calibri, sans-serif;\"><span style=\"font-size: medium;\">G\u0141\u00d3WNYM <\/span><\/span><\/span><\/strong><strong><span style=\"color: #000000;\"><span style=\"font-family: Calibri, sans-serif;\"><span style=\"font-size: medium;\">CEL<\/span><\/span><\/span><\/strong><strong><span style=\"color: #000000;\"><span style=\"font-family: Calibri, sans-serif;\"><span style=\"font-size: medium;\">EM<\/span><\/span><\/span><\/strong><strong><span style=\"color: #000000;\"><span style=\"font-family: Calibri, sans-serif;\"><span style=\"font-size: medium;\"> PROGRAMU <\/span><\/span><\/span><\/strong><strong><span style=\"color: #000000;\"><span style=\"font-family: Calibri, sans-serif;\"><span style=\"font-size: medium;\">JEST WPROWADZENIE US\u0141UGI ASYSTENTA JAKO FORMY OG\u00d3LNODOST\u0118PNEGO WSPARCIA<\/span><\/span><\/span><\/strong><\/h4>\n<h4 class=\"western\" align=\"justify\">&nbsp;<\/h4>\n<h4 class=\"western\" align=\"justify\"><strong><span style=\"font-family: Calibri, sans-serif;\"><span style=\"font-size: medium;\">ADRESACI PROGRAMU<\/span><\/span><\/strong><\/h4>\n<ol>\n<li>\n<p align=\"justify\"><span style=\"font-family: Calibri, sans-serif;\"><span style=\"font-size: medium;\"><b>dzieci do 16. roku \u017cycia z orzeczeniem o niepe\u0142nosprawno\u015bci \u0142\u0105cznie ze wskazaniami: konieczno\u015bci sta\u0142ej lub d\u0142ugotrwa\u0142ej opieki lub pomocy innej osoby <\/b>w zwi\u0105zku ze znacznie ograniczon\u0105 mo\u017cliwo\u015bci\u0105 samodzielnej egzystencji oraz konieczno\u015bci sta\u0142ego wsp\u00f3\u0142udzia\u0142u<br \/>\nna co dzie\u0144 opiekuna dziecka w procesie jego leczenia, rehabilitacji i edukacji,<\/span><\/span><\/p>\n<\/li>\n<li>\n<p align=\"justify\"><span style=\"font-family: Calibri, sans-serif;\"><span style=\"font-size: medium;\"><b>os<\/b><b>oby<\/b><b> niepe\u0142nosprawn<\/b><b>e <\/b><b>posiadaj\u0105c<\/b><b>e<\/b><b> orzeczenie: o znacznym <\/b><b>stopniu niepe\u0142nosprawno\u015bci albo<\/b><b> umiarkowanym stopniu niepe\u0142nosprawno\u015bci <\/b><b>albo<\/b><b> traktowane na r\u00f3wni do wy\u017cej wymienionych<\/b>, zgodnie z art. 5 i art. 62 ustawy z dnia 27 sierpnia 1997 r. o rehabilitacji zawodowej i spo\u0142ecznej oraz zatrudnianiu os\u00f3b niepe\u0142nosprawnych (t.j.Dz.U z 2023 r. poz. 100<br \/>\nz po\u017an. zm.),<\/span><\/span><\/p>\n<\/li>\n<\/ol>\n<p align=\"justify\"><span style=\"font-family: Calibri, sans-serif;\"><span style=\"font-size: medium;\"><b>kt\u00f3re wymagaj\u0105 us\u0142ugi asystenta w wykonywaniu codziennych czynno\u015bci oraz funkcjonowaniu w \u017cyciu spo\u0142ecznym.<\/b><\/span><\/span><\/p>\n<p align=\"justify\"><span style=\"color: #000000;\"><span style=\"font-family: Calibri, sans-serif;\"><span style=\"font-size: medium;\"><b>FORMY WSPARCIA:<\/b><\/span><\/span><\/span><\/p>\n<p align=\"justify\"><span style=\"font-family: Calibri, sans-serif;\"><span style=\"color: #000000;\"><span style=\"font-size: medium;\"><b>Us\u0142ugi asystenta w szczeg\u00f3lno\u015bci mog\u0105 polega\u0107 <\/b><\/span><\/span><span style=\"color: #000000;\"><span style=\"font-size: medium;\"><b>na pomocy asystenta <\/b><\/span><\/span><span style=\"color: #000000;\"><span style=\"font-size: medium;\"><b>w<\/b><\/span><\/span><span style=\"color: #000000;\"><span style=\"font-size: medium;\"><b>:<\/b><\/span><\/span><\/span><\/p>\n<ol>\n<li>\n<p align=\"justify\"><span style=\"font-family: Calibri, sans-serif;\"><span style=\"font-size: medium;\">w<\/span><span style=\"font-size: medium;\">y<\/span><span style=\"font-size: medium;\">konywaniu <\/span><span style=\"font-size: medium;\">przez uczestnika czynno\u015bci dnia codziennego;<\/span><\/span><\/p>\n<\/li>\n<li>\n<p align=\"justify\"><span style=\"font-family: Calibri, sans-serif;\"><span style=\"font-size: medium;\">wyj\u015bciu, powrocie lub dojazdach z uczestnikiem w wybrane przez uczestnika miejsca<\/span><span style=\"font-size: medium;\">;<\/span><\/span><\/p>\n<\/li>\n<li>\n<p align=\"justify\"><span style=\"font-family: Calibri, sans-serif;\"><span style=\"font-size: medium;\">z<\/span><span style=\"font-size: medium;\">a\u0142atwianiu <\/span><span style=\"font-size: medium;\">przez uczestnika <\/span><span style=\"font-size: medium;\">spraw<\/span><span style=\"font-size: medium;\"> urz\u0119dowych;<\/span><\/span><\/p>\n<\/li>\n<li>\n<p align=\"justify\"><span style=\"font-family: Calibri, sans-serif;\"><span style=\"font-size: medium;\">k<\/span><span style=\"font-size: medium;\">orzystaniu <\/span><span style=\"font-size: medium;\">przez uczestnika <\/span><span style=\"font-size: medium;\">z d\u00f3br kultury (np. muzeum, teatr, kino, galerie sztuki, wystawy);<\/span><\/span><\/p>\n<\/li>\n<li>\n<p align=\"justify\"><span style=\"color: #000000;\"><span style=\"font-family: Calibri, sans-serif;\"><span style=\"font-size: medium;\">z<\/span><\/span><\/span><span style=\"color: #000000;\"><span style=\"font-family: Calibri, sans-serif;\"><span style=\"font-size: medium;\">aprowadzaniu <\/span><\/span><\/span><span style=\"color: #000000;\"><span style=\"font-family: Calibri, sans-serif;\"><span style=\"font-size: medium;\">i odebraniu <\/span><\/span><\/span><span style=\"color: #000000;\"><span style=\"font-family: Calibri, sans-serif;\"><span style=\"font-size: medium;\">dzieci z orzeczeniem o niepe\u0142nosprawno\u015bci do\/<\/span><\/span><\/span><span style=\"color: #000000;\"><span style=\"font-family: Calibri, sans-serif;\"><span style=\"font-size: medium;\">z<\/span><\/span><\/span><span style=\"color: #000000;\"><span style=\"font-family: Calibri, sans-serif;\"><span style=\"font-size: medium;\"> plac\u00f3wki o\u015bwiatowej. <\/span><\/span><\/span><\/p>\n<\/li>\n<\/ol>\n<p align=\"left\"><span style=\"font-family: Times New Roman, serif;\"><span style=\"font-size: medium;\"><strong><span style=\"color: #000000;\"><span style=\"font-family: Calibri, sans-serif;\"><b>U<\/b><\/span><\/span><\/strong><strong><span style=\"color: #000000;\"><span style=\"font-family: Calibri, sans-serif;\"><b>DZIA\u0141 W PROGRAMIE JEST CA\u0141KOWICIE NIEODP\u0141ATNY<\/b><\/span><\/span><\/strong><strong><span style=\"color: #000000;\"><span style=\"font-family: Calibri, sans-serif;\"><b>. <\/b><\/span><\/span><\/strong><\/span><\/span><\/p>\n<p align=\"justify\"><strong><span style=\"font-family: Calibri, sans-serif;\"><span style=\"font-size: medium;\">W przypadku pyta\u0144 prosimy o kontakt telefoniczny <\/span><\/span><\/strong><strong><span style=\"font-family: Calibri, sans-serif;\"><span style=\"font-size: medium;\">pod numerem telefonu: <\/span><\/span><\/strong><strong><span style=\"font-family: Calibri, sans-serif;\"><span style=\"font-size: medium;\">(<\/span><\/span><\/strong><strong><span style=\"font-family: Calibri, sans-serif;\"><span style=\"font-size: medium;\">32<\/span><\/span><\/strong><strong><span style=\"font-family: Calibri, sans-serif;\"><span style=\"font-size: medium;\">)<\/span><\/span><\/strong><strong><span style=\"font-family: Calibri, sans-serif;\"><span style=\"font-size: medium;\"> 31<\/span><\/span><\/strong><strong><span style=\"font-family: Calibri, sans-serif;\"><span style=\"font-size: medium;\">7-36-<\/span><\/span><\/strong><strong><span style=\"font-family: Calibri, sans-serif;\"><span style=\"font-size: medium;\">13<br \/>\n<\/span><\/span><\/strong><strong><span style=\"font-family: Calibri, sans-serif;\"><span style=\"font-size: medium;\">l<\/span><\/span><\/strong><strong><span style=\"font-family: Calibri, sans-serif;\"><span style=\"font-size: medium;\">ub <\/span><\/span><\/strong><strong><span style=\"font-family: Calibri, sans-serif;\"><span style=\"font-size: medium;\">(<\/span><\/span><\/strong><strong><span style=\"font-family: Calibri, sans-serif;\"><span style=\"font-size: medium;\">32<\/span><\/span><\/strong><strong><span style=\"font-family: Calibri, sans-serif;\"><span style=\"font-size: medium;\">)<\/span><\/span><\/strong><strong><span style=\"font-family: Calibri, sans-serif;\"><span style=\"font-size: medium;\"> 317-36-40.<\/span><\/span><\/strong><\/p>\n<h4 class=\"western\"><span style=\"font-family: Calibri, sans-serif;\"><span style=\"font-size: medium;\">Szczeg\u00f3\u0142y Programu \u2013 zobacz na <\/span><\/span><span style=\"font-family: Calibri, sans-serif;\"><span style=\"font-size: medium;\">stronie <a href=\"https:\/\/www.gov.pl\/web\/rodzina\/ogloszenie-o-naborze-wnioskow-w-ramach-programu-resortowego-ministra-rodziny-i-polityki-spolecznej-asystent-osobisty-osoby-z-niepelnosprawnosciami--edycja-2023\">Ministerstwa Rodziny i Polityki Spo\u0142ecznej<\/a><\/span><\/span><\/h4>\n","protected":false},"excerpt":{"rendered":"<p>Miasto Mys\u0142owice realizuje program \u201eASYSTENT OSOBISTY OSOBY NIEPE\u0141NOSPRAWNEJ &#8211; EDYCJA 2023\u201d, dofinansowany ze \u015brodk\u00f3w Funduszu Solidarno\u015bciowego Kwota dofinansowania: 1 541 560,68 z\u0142. Ca\u0142kowita warto\u015b\u0107: 1 541 560,68 z\u0142. G\u0141\u00d3WNYM CELEM PROGRAMU JEST WPROWADZENIE US\u0141UGI ASYSTENTA JAKO FORMY OG\u00d3LNODOST\u0118PNEGO WSPARCIA &nbsp; ADRESACI PROGRAMU dzieci do 16. roku \u017cycia z orzeczeniem o niepe\u0142nosprawno\u015bci \u0142\u0105cznie ze wskazaniami: konieczno\u015bci\u2026 <span class=\"read-more\"><a href=\"https:\/\/mops-myslowice.pl\/?page_id=6682\">Dowiedz si\u0119 wi\u0119cej &raquo;<\/a><\/span><\/p>\n","protected":false},"author":2,"featured_media":0,"parent":0,"menu_order":0,"comment_status":"closed","ping_status":"closed","template":"","meta":{"ngg_post_thumbnail":0,"footnotes":""},"tags":[],"class_list":["post-6682","page","type-page","status-publish","hentry"],"_links":{"self":[{"href":"https:\/\/mops-myslowice.pl\/index.php?rest_route=\/wp\/v2\/pages\/6682","targetHints":{"allow":["GET"]}}],"collection":[{"href":"https:\/\/mops-myslowice.pl\/index.php?rest_route=\/wp\/v2\/pages"}],"about":[{"href":"https:\/\/mops-myslowice.pl\/index.php?rest_route=\/wp\/v2\/types\/page"}],"author":[{"embeddable":true,"href":"https:\/\/mops-myslowice.pl\/index.php?rest_route=\/wp\/v2\/users\/2"}],"replies":[{"embeddable":true,"href":"https:\/\/mops-myslowice.pl\/index.php?rest_route=%2Fwp%2Fv2%2Fcomments&post=6682"}],"version-history":[{"count":4,"href":"https:\/\/mops-myslowice.pl\/index.php?rest_route=\/wp\/v2\/pages\/6682\/revisions"}],"predecessor-version":[{"id":6988,"href":"https:\/\/mops-myslowice.pl\/index.php?rest_route=\/wp\/v2\/pages\/6682\/revisions\/6988"}],"wp:attachment":[{"href":"https:\/\/mops-myslowice.pl\/index.php?rest_route=%2Fwp%2Fv2%2Fmedia&parent=6682"}],"wp:term":[{"taxonomy":"post_tag","embeddable":true,"href":"https:\/\/mops-myslowice.pl\/index.php?rest_route=%2Fwp%2Fv2%2Ftags&post=6682"}],"curies":[{"name":"wp","href":"https:\/\/api.w.org\/{rel}","templated":true}]}}