{"id":48,"date":"2016-06-02T14:58:08","date_gmt":"2016-06-02T12:58:08","guid":{"rendered":"http:\/\/mops-myslowice.pl\/?page_id=48"},"modified":"2025-09-10T08:25:01","modified_gmt":"2025-09-10T06:25:01","slug":"tymczasowe-schronienie-oraz-ogrzewalnia","status":"publish","type":"page","link":"https:\/\/mops-myslowice.pl\/?page_id=48","title":{"rendered":"Noclegownia dla bezdomnych m\u0119\u017cczyzn"},"content":{"rendered":"<div class=\"su-service\"><div class=\"su-service-title\" style=\"padding-left:46px;min-height:32px;line-height:32px\"><i class=\"sui sui-group\" style=\"font-size:32px;color:#333\"><\/i> Kierownik:<\/div><div class=\"su-service-content su-u-clearfix su-u-trim\" style=\"padding-left:46px\">Wojciech Kurbiel<br \/>\nul. Stra\u017cacka 9, 41-400 Mys\u0142owice<br \/>\ntel.: 32 222-54-46, tel.:&nbsp;797-490-844<br \/>\nemail: <a href=\"mailto:noclegownia@mops-myslowice.pl\">noclegownia@mops-myslowice.pl<\/a><br \/>\n<\/div><\/div>\n<div class=\"su-spoiler su-spoiler-style-default su-spoiler-icon-plus su-spoiler-closed\" data-scroll-offset=\"0\" data-anchor-in-url=\"no\"><div class=\"su-spoiler-title\" tabindex=\"0\" role=\"button\"><span class=\"su-spoiler-icon\"><\/span>Poka\u017c dojazd i lokalizacj\u0119:<\/div><div class=\"su-spoiler-content su-u-clearfix su-u-trim\"><iframe loading=\"lazy\" style=\"border: 0;\" src=\"https:\/\/www.google.com\/maps\/embed?pb=!1m0!3m2!1spl!2spl!4v1429006728243!6m8!1m7!1suMUv3GwVRzw8f5AzkCy-qA!2m2!1d50.239639!2d19.14297!3f90.06608880019154!4f-5.121170531513684!5f1.2508434427577382\" width=\"600\" height=\"450\" frameborder=\"0\"><\/iframe><br \/>\n<iframe loading=\"lazy\" style=\"border: 0;\" src=\"https:\/\/www.google.com\/maps\/embed?pb=!1m14!1m8!1m3!1d2551.8009201367295!2d19.143514000000003!3d50.239624!3m2!1i1024!2i768!4f13.1!3m3!1m2!1s0x4716c5219023d2f1%3A0x33a6493da518f712!2zU3RyYcW8YWNrYSA5LCBNeXPFgm93aWNl!5e0!3m2!1spl!2spl!4v1429006751291\" width=\"600\" height=\"450\" frameborder=\"0\"><\/iframe><\/div><\/div>\n<p>Pracownicy Socjalni:<\/p>\n<ul>\n<li>\u015amilowski Janusz<\/li>\n<li>Warcho\u0142 Rafa\u0142<\/li>\n<\/ul>\n<p>Pracownicy socjalni przyjmuj\u0105 codziennie od poniedzia\u0142ku do pi\u0105tku w godzinach od 7.30 do 15.30.<br \/>\nKierownik Noclegowni przyjmuje codziennie od poniedzia\u0142ku do pi\u0105tku w godzinach od 10.00 do 14.00.<\/p>\n<p>Informacje podstawowe:<br \/>\nNoclegownia&nbsp;dla bezdomnych m\u0119\u017cczyzn w Mys\u0142owicach jest lokalnym o\u015brodkiem wsparcia nios\u0105cym wszechstronn\u0105 pomoc osobom bezdomnym. Plac\u00f3wka czynna jest ca\u0142odobowo (24 h), siedem dni w tygodniu.<br \/>\n<img loading=\"lazy\" decoding=\"async\" src=\"http:\/\/mops-myslowice.pl\/wp-content\/uploads\/2016\/06\/d19yoXk.jpg\" width=\"700\" height=\"500\"><br \/>\nPonadto przy plac\u00f3wce funkcjonuje Ogrzewalnia, kt\u00f3ra czynna jest w okresie od 1 pa\u017adziernika do 30 kwietnia w godzinach od 18.00 do 8.00. Ogrzewalnia jest pomieszczeniem dla bezdomnych m\u0119\u017cczyzn, kt\u00f3rzy z powodu braku sta\u0142ego miejsca pobytu lub innych nag\u0142ych zdarze\u0144 \u017cyciowych, b\u0119d\u0105cych pod wp\u0142ywem alkoholu lub innych \u015brodk\u00f3w psychoaktywnych i nie maj\u0105 innej mo\u017cliwo\u015bci zabezpieczenia przed zimnem w nocy jak i w ci\u0105gu dnia kiedy temperatura spada znacznie poni\u017cej zera.<br \/>\n<img loading=\"lazy\" decoding=\"async\" src=\"http:\/\/mops-myslowice.pl\/wp-content\/uploads\/2016\/06\/yPLXpT0.jpg\" width=\"700\" height=\"500\"><br \/>\nZa osob\u0119 bezdomn\u0105 zgodnie z art. 6 pkt. 8 ustawy o pomocy spo\u0142ecznej z dnia 12 marca 2004 r. (Dz. U. z 2025 r. poz. 1214) uznaje si\u0119: \u201e\u2026osob\u0119 niezamieszkuj\u0105c\u0105 w lokalu mieszkalnym w rozumieniu przepis\u00f3w o ochronie praw lokator\u00f3w i mieszkaniowym zasobie gminy i niezameldowan\u0105 na pobyt sta\u0142y, w rozumieniu przepis\u00f3w o ewidencji ludno\u015bci, a tak\u017ce osob\u0119 niezamieszkuj\u0105c\u0105 w lokalu mieszkalnym i zameldowan\u0105 na pobyt sta\u0142y w lokalu, w kt\u00f3rym nie ma mo\u017cliwo\u015bci zamieszkania\u201d.<\/p>\n<p><span style=\"text-decoration: underline;\"><strong>UWAGA!<\/strong><\/span><br \/>\nNoclegownia oraz Ogrzewalnia funkcjonuj\u0105 w oparciu o ich wewn\u0119trzny regulamin. Nie przestrzeganie zawartych w nim zapis\u00f3w mo\u017ce skutkowa\u0107 wydaleniem z plac\u00f3wki.<\/p>\n","protected":false},"excerpt":{"rendered":"<p>Pracownicy Socjalni: \u015amilowski Janusz Warcho\u0142 Rafa\u0142 Pracownicy socjalni przyjmuj\u0105 codziennie od poniedzia\u0142ku do pi\u0105tku w godzinach od 7.30 do 15.30. Kierownik Noclegowni przyjmuje codziennie od poniedzia\u0142ku do pi\u0105tku w godzinach od 10.00 do 14.00. Informacje podstawowe: Noclegownia&nbsp;dla bezdomnych m\u0119\u017cczyzn w Mys\u0142owicach jest lokalnym o\u015brodkiem wsparcia nios\u0105cym wszechstronn\u0105 pomoc osobom bezdomnym. Plac\u00f3wka czynna jest ca\u0142odobowo (24\u2026 <span class=\"read-more\"><a href=\"https:\/\/mops-myslowice.pl\/?page_id=48\">Dowiedz si\u0119 wi\u0119cej &raquo;<\/a><\/span><\/p>\n","protected":false},"author":1,"featured_media":0,"parent":0,"menu_order":0,"comment_status":"closed","ping_status":"closed","template":"","meta":{"ngg_post_thumbnail":0,"footnotes":""},"tags":[],"class_list":["post-48","page","type-page","status-publish","hentry"],"_links":{"self":[{"href":"https:\/\/mops-myslowice.pl\/index.php?rest_route=\/wp\/v2\/pages\/48","targetHints":{"allow":["GET"]}}],"collection":[{"href":"https:\/\/mops-myslowice.pl\/index.php?rest_route=\/wp\/v2\/pages"}],"about":[{"href":"https:\/\/mops-myslowice.pl\/index.php?rest_route=\/wp\/v2\/types\/page"}],"author":[{"embeddable":true,"href":"https:\/\/mops-myslowice.pl\/index.php?rest_route=\/wp\/v2\/users\/1"}],"replies":[{"embeddable":true,"href":"https:\/\/mops-myslowice.pl\/index.php?rest_route=%2Fwp%2Fv2%2Fcomments&post=48"}],"version-history":[{"count":15,"href":"https:\/\/mops-myslowice.pl\/index.php?rest_route=\/wp\/v2\/pages\/48\/revisions"}],"predecessor-version":[{"id":8611,"href":"https:\/\/mops-myslowice.pl\/index.php?rest_route=\/wp\/v2\/pages\/48\/revisions\/8611"}],"wp:attachment":[{"href":"https:\/\/mops-myslowice.pl\/index.php?rest_route=%2Fwp%2Fv2%2Fmedia&parent=48"}],"wp:term":[{"taxonomy":"post_tag","embeddable":true,"href":"https:\/\/mops-myslowice.pl\/index.php?rest_route=%2Fwp%2Fv2%2Ftags&post=48"}],"curies":[{"name":"wp","href":"https:\/\/api.w.org\/{rel}","templated":true}]}}